{"id":110,"date":"2022-01-29T09:33:48","date_gmt":"2022-01-29T08:33:48","guid":{"rendered":"https:\/\/lille-podologue.com\/?page_id=110"},"modified":"2024-07-02T16:41:11","modified_gmt":"2024-07-02T14:41:11","slug":"semelles-orthopediques","status":"publish","type":"page","link":"https:\/\/lille-podologue.com\/index.php\/semelles-orthopediques\/","title":{"rendered":"J&rsquo;ai r\u00e9cup\u00e9r\u00e9 mes semelles !"},"content":{"rendered":"\t\t<div data-elementor-type=\"wp-page\" data-elementor-id=\"110\" class=\"elementor elementor-110\">\n\t\t\t\t\t\t\t\t\t<section class=\"elementor-section elementor-top-section elementor-element elementor-element-e7c2336 elementor-section-boxed elementor-section-height-default elementor-section-height-default\" data-id=\"e7c2336\" data-element_type=\"section\">\n\t\t\t\t\t\t<div class=\"elementor-container elementor-column-gap-default\">\n\t\t\t\t\t<div class=\"elementor-column elementor-col-100 elementor-top-column elementor-element elementor-element-986cc4e\" data-id=\"986cc4e\" data-element_type=\"column\">\n\t\t\t<div class=\"elementor-widget-wrap elementor-element-populated\">\n\t\t\t\t\t\t\t\t<div class=\"elementor-element elementor-element-25b05a9 elementor-widget elementor-widget-menu-anchor\" data-id=\"25b05a9\" data-element_type=\"widget\" data-widget_type=\"menu-anchor.default\">\n\t\t\t\t<div class=\"elementor-widget-container\">\n\t\t\t<style>\/*! elementor - v3.15.0 - 20-08-2023 *\/\nbody.elementor-page .elementor-widget-menu-anchor{margin-bottom:0}<\/style>\t\t<div class=\"elementor-menu-anchor\"><\/div>\n\t\t\t\t<\/div>\n\t\t\t\t<\/div>\n\t\t\t\t<div class=\"elementor-element elementor-element-64b84b2 elementor-widget elementor-widget-spacer\" data-id=\"64b84b2\" data-element_type=\"widget\" data-widget_type=\"spacer.default\">\n\t\t\t\t<div class=\"elementor-widget-container\">\n\t\t\t<style>\/*! elementor - v3.15.0 - 20-08-2023 *\/\n.elementor-column .elementor-spacer-inner{height:var(--spacer-size)}.e-con{--container-widget-width:100%}.e-con-inner>.elementor-widget-spacer,.e-con>.elementor-widget-spacer{width:var(--container-widget-width,var(--spacer-size));--align-self:var(--container-widget-align-self,initial);--flex-shrink:0}.e-con-inner>.elementor-widget-spacer>.elementor-widget-container,.e-con-inner>.elementor-widget-spacer>.elementor-widget-container>.elementor-spacer,.e-con>.elementor-widget-spacer>.elementor-widget-container,.e-con>.elementor-widget-spacer>.elementor-widget-container>.elementor-spacer{height:100%}.e-con-inner>.elementor-widget-spacer>.elementor-widget-container>.elementor-spacer>.elementor-spacer-inner,.e-con>.elementor-widget-spacer>.elementor-widget-container>.elementor-spacer>.elementor-spacer-inner{height:var(--container-widget-height,var(--spacer-size))}<\/style>\t\t<div class=\"elementor-spacer\">\n\t\t\t<div class=\"elementor-spacer-inner\"><\/div>\n\t\t<\/div>\n\t\t\t\t<\/div>\n\t\t\t\t<\/div>\n\t\t\t\t\t<\/div>\n\t\t<\/div>\n\t\t\t\t\t\t\t<\/div>\n\t\t<\/section>\n\t\t\t\t<section class=\"elementor-section elementor-top-section elementor-element elementor-element-67baee87 elementor-section-boxed elementor-section-height-default elementor-section-height-default\" data-id=\"67baee87\" data-element_type=\"section\" data-settings=\"{&quot;background_background&quot;:&quot;classic&quot;}\">\n\t\t\t\t\t\t<div class=\"elementor-container elementor-column-gap-default\">\n\t\t\t\t\t<div class=\"elementor-column elementor-col-25 elementor-top-column elementor-element elementor-element-39bdd309\" data-id=\"39bdd309\" data-element_type=\"column\">\n\t\t\t<div class=\"elementor-widget-wrap\">\n\t\t\t\t\t\t\t\t\t<\/div>\n\t\t<\/div>\n\t\t\t\t<div class=\"elementor-column elementor-col-50 elementor-top-column elementor-element elementor-element-1ff794b6\" data-id=\"1ff794b6\" data-element_type=\"column\">\n\t\t\t<div class=\"elementor-widget-wrap elementor-element-populated\">\n\t\t\t\t\t\t\t\t<div class=\"elementor-element elementor-element-35f9e3eb elementor-widget elementor-widget-heading\" data-id=\"35f9e3eb\" data-element_type=\"widget\" data-widget_type=\"heading.default\">\n\t\t\t\t<div class=\"elementor-widget-container\">\n\t\t\t<style>\/*! elementor - v3.15.0 - 20-08-2023 *\/\n.elementor-heading-title{padding:0;margin:0;line-height:1}.elementor-widget-heading .elementor-heading-title[class*=elementor-size-]>a{color:inherit;font-size:inherit;line-height:inherit}.elementor-widget-heading .elementor-heading-title.elementor-size-small{font-size:15px}.elementor-widget-heading .elementor-heading-title.elementor-size-medium{font-size:19px}.elementor-widget-heading .elementor-heading-title.elementor-size-large{font-size:29px}.elementor-widget-heading .elementor-heading-title.elementor-size-xl{font-size:39px}.elementor-widget-heading .elementor-heading-title.elementor-size-xxl{font-size:59px}<\/style><h2 class=\"elementor-heading-title elementor-size-default\"><a href=\"https:\/\/lille-podologue.com\/\">CENTRE VAUBAN LILLE<\/a><\/h2>\t\t<\/div>\n\t\t\t\t<\/div>\n\t\t\t\t\t<\/div>\n\t\t<\/div>\n\t\t\t\t<div class=\"elementor-column elementor-col-25 elementor-top-column elementor-element elementor-element-178d6fc0\" data-id=\"178d6fc0\" data-element_type=\"column\">\n\t\t\t<div class=\"elementor-widget-wrap\">\n\t\t\t\t\t\t\t\t\t<\/div>\n\t\t<\/div>\n\t\t\t\t\t\t\t<\/div>\n\t\t<\/section>\n\t\t\t\t<section class=\"elementor-section elementor-top-section elementor-element elementor-element-0e11ce2 elementor-section-boxed elementor-section-height-default elementor-section-height-default\" data-id=\"0e11ce2\" data-element_type=\"section\">\n\t\t\t\t\t\t<div class=\"elementor-container elementor-column-gap-default\">\n\t\t\t\t\t<div class=\"elementor-column elementor-col-100 elementor-top-column elementor-element elementor-element-408de62\" data-id=\"408de62\" data-element_type=\"column\">\n\t\t\t<div class=\"elementor-widget-wrap elementor-element-populated\">\n\t\t\t\t\t\t\t\t<div class=\"elementor-element elementor-element-3d3707e elementor-widget elementor-widget-spacer\" data-id=\"3d3707e\" data-element_type=\"widget\" data-widget_type=\"spacer.default\">\n\t\t\t\t<div class=\"elementor-widget-container\">\n\t\t\t\t\t<div class=\"elementor-spacer\">\n\t\t\t<div class=\"elementor-spacer-inner\"><\/div>\n\t\t<\/div>\n\t\t\t\t<\/div>\n\t\t\t\t<\/div>\n\t\t\t\t<div class=\"elementor-element elementor-element-65f347b elementor-widget elementor-widget-heading\" data-id=\"65f347b\" data-element_type=\"widget\" data-widget_type=\"heading.default\">\n\t\t\t\t<div class=\"elementor-widget-container\">\n\t\t\t<h2 class=\"elementor-heading-title elementor-size-default\">Quelles sont les prochaines \u00e9tapes ? <\/h2>\t\t<\/div>\n\t\t\t\t<\/div>\n\t\t\t\t<div class=\"elementor-element elementor-element-5972789 elementor-widget elementor-widget-text-editor\" data-id=\"5972789\" data-element_type=\"widget\" data-widget_type=\"text-editor.default\">\n\t\t\t\t<div class=\"elementor-widget-container\">\n\t\t\t<style>\/*! elementor - v3.15.0 - 20-08-2023 *\/\n.elementor-widget-text-editor.elementor-drop-cap-view-stacked .elementor-drop-cap{background-color:#69727d;color:#fff}.elementor-widget-text-editor.elementor-drop-cap-view-framed .elementor-drop-cap{color:#69727d;border:3px solid;background-color:transparent}.elementor-widget-text-editor:not(.elementor-drop-cap-view-default) .elementor-drop-cap{margin-top:8px}.elementor-widget-text-editor:not(.elementor-drop-cap-view-default) .elementor-drop-cap-letter{width:1em;height:1em}.elementor-widget-text-editor .elementor-drop-cap{float:left;text-align:center;line-height:1;font-size:50px}.elementor-widget-text-editor .elementor-drop-cap-letter{display:inline-block}<\/style>\t\t\t\t<p class=\"p1\"><span class=\"s1\">Vous avez effectu\u00e9 votre bilan et votre p\u00e9dicure-podologue vient de vous remettre vos semelles, voici les prochaines \u00e9tapes:<\/span><\/p>\n<ul class=\"ul1\">\n<li class=\"li1\"><span class=\"s1\">L\u2019adaptation aux semelles va durer 4 \u00e0 6 semaines, nous vous conseillons de les porter au maximum. Il est normal de ressentir certaines g\u00eanes ou tensions lors de cette p\u00e9riode d&rsquo;adaptation.&nbsp;&nbsp;<\/span><\/li>\n<li class=\"li1\"><span class=\"s1\">Ensuite,&nbsp; vous pouvez consulter un ost\u00e9opathe une fois cette p\u00e9riode d\u2019adaptation termin\u00e9e. <\/span><\/li>\n<li class=\"li1\"><span class=\"s1\">Vous pouvez regarder <a href=\"https:\/\/lille-podologue.com\/index.php\/videos-et-protocoles\/\">les Vid\u00e9os et suivre les Protocoles<\/a>&nbsp;conseill\u00e9s par votre podologue.<\/span><\/li>\n<li class=\"li1\"><span class=\"s1\">Au moindre doute, n\u2019h\u00e9sitez pas \u00e0 nous contacter par mail ou par t\u00e9l\u00e9phone. Nous fixerons un rendez-vous de contr\u00f4le si besoin. <\/span><\/li>\n<li class=\"li1\"><span class=\"s1\">Ce sera alors le moment de prendre rendez-vous chez les professionnels de sant\u00e9 que nous vous avons conseill\u00e9s dans le cadre de votre traitement postural (Kin\u00e9sith\u00e9rapeute, dentiste, orthodontiste, stomatologue, orthoptiste, psychomotricien, ergoth\u00e9rapeute\u2026)<\/span><\/li>\n<li class=\"li1\"><span class=\"s1\">A pr\u00e9sent, vous pouvez porter vos semelles pendant 1 an, avant de reprendre un rendez-vous pour un nouveau bilan. Celui-ci nous permettra de quantifier l\u2019\u00e9volution et la n\u00e9cessit\u00e9 de renouveler vos semelles ou non. (Ne pas h\u00e9siter \u00e0 recontacter votre podologue entre-temps en cas de souci particulier)<\/span><\/li>\n<\/ul>\t\t\t\t\t\t<\/div>\n\t\t\t\t<\/div>\n\t\t\t\t\t<\/div>\n\t\t<\/div>\n\t\t\t\t\t\t\t<\/div>\n\t\t<\/section>\n\t\t\t\t<section class=\"elementor-section elementor-top-section elementor-element elementor-element-9663271 elementor-section-boxed elementor-section-height-default elementor-section-height-default\" data-id=\"9663271\" data-element_type=\"section\">\n\t\t\t\t\t\t<div class=\"elementor-container elementor-column-gap-default\">\n\t\t\t\t\t<div class=\"elementor-column elementor-col-100 elementor-top-column elementor-element elementor-element-30a7450\" data-id=\"30a7450\" data-element_type=\"column\">\n\t\t\t<div class=\"elementor-widget-wrap elementor-element-populated\">\n\t\t\t\t\t\t\t\t<div class=\"elementor-element elementor-element-68ecc87 elementor-widget elementor-widget-heading\" data-id=\"68ecc87\" data-element_type=\"widget\" data-widget_type=\"heading.default\">\n\t\t\t\t<div class=\"elementor-widget-container\">\n\t\t\t<h2 class=\"elementor-heading-title elementor-size-default\">Entretenir vos semelles<\/h2>\t\t<\/div>\n\t\t\t\t<\/div>\n\t\t\t\t<div class=\"elementor-element elementor-element-bba06cf elementor-widget elementor-widget-text-editor\" data-id=\"bba06cf\" data-element_type=\"widget\" data-widget_type=\"text-editor.default\">\n\t\t\t\t<div class=\"elementor-widget-container\">\n\t\t\t\t\t\t\t<p>De temps en temps, vos semelles peuvent \u00eatre nettoy\u00e9es \u00e0 l&rsquo;eau savonneuse.&nbsp; Pas de machine \u00e0 laver.&nbsp;<\/p>\n<p>Privil\u00e9giez un s\u00e9chage \u00e0 l&rsquo;air libre ou \u00e0 l&rsquo;essuie-tout, nous vous conseillons d&rsquo;\u00e9viter toutes sources de chaleur pour le s\u00e9chage (pas de radiateur, de s\u00e8che-cheveux, de s\u00e9chage en plein soleil, etc. . . )<\/p>\t\t\t\t\t\t<\/div>\n\t\t\t\t<\/div>\n\t\t\t\t\t<\/div>\n\t\t<\/div>\n\t\t\t\t\t\t\t<\/div>\n\t\t<\/section>\n\t\t\t\t\t\t\t<\/div>\n\t\t","protected":false},"excerpt":{"rendered":"<p>CENTRE VAUBAN LILLE Quelles sont les prochaines \u00e9tapes ? Vous avez effectu\u00e9 votre bilan et votre p\u00e9dicure-podologue vient de vous remettre vos semelles, voici les prochaines \u00e9tapes: L\u2019adaptation aux semelles va durer 4 \u00e0 6 semaines, nous vous conseillons de les porter au maximum. Il est normal de ressentir certaines g\u00eanes ou tensions lors de &hellip;<\/p>\n<p class=\"read-more\"> <a class=\"\" href=\"https:\/\/lille-podologue.com\/index.php\/semelles-orthopediques\/\"> <span class=\"screen-reader-text\">J&rsquo;ai r\u00e9cup\u00e9r\u00e9 mes semelles !<\/span> Lire la suite\u00a0\u00bb<\/a><\/p>\n","protected":false},"author":1,"featured_media":0,"parent":0,"menu_order":0,"comment_status":"closed","ping_status":"closed","template":"elementor_canvas","meta":{"site-sidebar-layout":"default","site-content-layout":"default","ast-global-header-display":"","ast-main-header-display":"","ast-hfb-above-header-display":"","ast-hfb-below-header-display":"","ast-hfb-mobile-header-display":"","site-post-title":"","ast-breadcrumbs-content":"","ast-featured-img":"","footer-sml-layout":"","theme-transparent-header-meta":"","adv-header-id-meta":"","stick-header-meta":"","header-above-stick-meta":"","header-main-stick-meta":"","header-below-stick-meta":""},"yoast_head":"<!-- This site is optimized with the Yoast SEO plugin v18.2 - https:\/\/yoast.com\/wordpress\/plugins\/seo\/ -->\n<title>J&#039;ai r\u00e9cup\u00e9r\u00e9 mes semelles ! - Posturologues et Podologues du sport Lille<\/title>\n<meta name=\"description\" content=\"Votre podologue (Lille) vous a remis vos semelles, d\u00e9couvrez les prochaines \u00e9tapes. N&#039;h\u00e9sitez pas \u00e0 nous laisser un avis.\" \/>\n<meta name=\"robots\" content=\"index, follow, max-snippet:-1, max-image-preview:large, max-video-preview:-1\" \/>\n<link rel=\"canonical\" href=\"https:\/\/lille-podologue.com\/index.php\/semelles-orthopediques\/\" \/>\n<meta property=\"og:locale\" content=\"fr_FR\" \/>\n<meta property=\"og:type\" content=\"article\" \/>\n<meta property=\"og:title\" content=\"J&#039;ai r\u00e9cup\u00e9r\u00e9 mes semelles ! - Posturologues et Podologues du sport Lille\" \/>\n<meta property=\"og:description\" content=\"Votre podologue (Lille) vous a remis vos semelles, d\u00e9couvrez les prochaines \u00e9tapes. N&#039;h\u00e9sitez pas \u00e0 nous laisser un avis.\" \/>\n<meta property=\"og:url\" content=\"https:\/\/lille-podologue.com\/index.php\/semelles-orthopediques\/\" \/>\n<meta property=\"og:site_name\" content=\"Centre Vauban Lille\" \/>\n<meta property=\"article:modified_time\" content=\"2024-07-02T14:41:11+00:00\" \/>\n<meta name=\"twitter:card\" content=\"summary_large_image\" \/>\n<meta name=\"twitter:label1\" content=\"Dur\u00e9e de lecture estim\u00e9e\" \/>\n\t<meta name=\"twitter:data1\" content=\"2 minutes\" \/>\n<script type=\"application\/ld+json\" class=\"yoast-schema-graph\">{\"@context\":\"https:\/\/schema.org\",\"@graph\":[{\"@type\":\"Organization\",\"@id\":\"https:\/\/lille-podologue.com\/#organization\",\"name\":\"Podologue Posturologue Lille\",\"url\":\"https:\/\/lille-podologue.com\/\",\"sameAs\":[],\"logo\":{\"@type\":\"ImageObject\",\"@id\":\"https:\/\/lille-podologue.com\/#logo\",\"inLanguage\":\"fr-FR\",\"url\":\"https:\/\/lille-podologue.com\/wp-content\/uploads\/2022\/01\/24ba589c-60ad-4845-815f-65d5518b2a55.jpg\",\"contentUrl\":\"https:\/\/lille-podologue.com\/wp-content\/uploads\/2022\/01\/24ba589c-60ad-4845-815f-65d5518b2a55.jpg\",\"width\":1024,\"height\":716,\"caption\":\"Podologue Posturologue Lille\"},\"image\":{\"@id\":\"https:\/\/lille-podologue.com\/#logo\"}},{\"@type\":\"WebSite\",\"@id\":\"https:\/\/lille-podologue.com\/#website\",\"url\":\"https:\/\/lille-podologue.com\/\",\"name\":\"Centre Vauban Lille\",\"description\":\"201 Rue Colbert Lille\",\"publisher\":{\"@id\":\"https:\/\/lille-podologue.com\/#organization\"},\"potentialAction\":[{\"@type\":\"SearchAction\",\"target\":{\"@type\":\"EntryPoint\",\"urlTemplate\":\"https:\/\/lille-podologue.com\/?s={search_term_string}\"},\"query-input\":\"required name=search_term_string\"}],\"inLanguage\":\"fr-FR\"},{\"@type\":\"WebPage\",\"@id\":\"https:\/\/lille-podologue.com\/index.php\/semelles-orthopediques\/#webpage\",\"url\":\"https:\/\/lille-podologue.com\/index.php\/semelles-orthopediques\/\",\"name\":\"J'ai r\u00e9cup\u00e9r\u00e9 mes semelles ! - Posturologues et Podologues du sport Lille\",\"isPartOf\":{\"@id\":\"https:\/\/lille-podologue.com\/#website\"},\"datePublished\":\"2022-01-29T08:33:48+00:00\",\"dateModified\":\"2024-07-02T14:41:11+00:00\",\"description\":\"Votre podologue (Lille) vous a remis vos semelles, d\u00e9couvrez les prochaines \u00e9tapes. N'h\u00e9sitez pas \u00e0 nous laisser un avis.\",\"breadcrumb\":{\"@id\":\"https:\/\/lille-podologue.com\/index.php\/semelles-orthopediques\/#breadcrumb\"},\"inLanguage\":\"fr-FR\",\"potentialAction\":[{\"@type\":\"ReadAction\",\"target\":[\"https:\/\/lille-podologue.com\/index.php\/semelles-orthopediques\/\"]}]},{\"@type\":\"BreadcrumbList\",\"@id\":\"https:\/\/lille-podologue.com\/index.php\/semelles-orthopediques\/#breadcrumb\",\"itemListElement\":[{\"@type\":\"ListItem\",\"position\":1,\"name\":\"Accueil\",\"item\":\"https:\/\/lille-podologue.com\/\"},{\"@type\":\"ListItem\",\"position\":2,\"name\":\"J&rsquo;ai r\u00e9cup\u00e9r\u00e9 mes semelles !\"}]}]}<\/script>\n<!-- \/ Yoast SEO plugin. -->","yoast_head_json":{"title":"J'ai r\u00e9cup\u00e9r\u00e9 mes semelles ! - Posturologues et Podologues du sport Lille","description":"Votre podologue (Lille) vous a remis vos semelles, d\u00e9couvrez les prochaines \u00e9tapes. N'h\u00e9sitez pas \u00e0 nous laisser un avis.","robots":{"index":"index","follow":"follow","max-snippet":"max-snippet:-1","max-image-preview":"max-image-preview:large","max-video-preview":"max-video-preview:-1"},"canonical":"https:\/\/lille-podologue.com\/index.php\/semelles-orthopediques\/","og_locale":"fr_FR","og_type":"article","og_title":"J'ai r\u00e9cup\u00e9r\u00e9 mes semelles ! - Posturologues et Podologues du sport Lille","og_description":"Votre podologue (Lille) vous a remis vos semelles, d\u00e9couvrez les prochaines \u00e9tapes. N'h\u00e9sitez pas \u00e0 nous laisser un avis.","og_url":"https:\/\/lille-podologue.com\/index.php\/semelles-orthopediques\/","og_site_name":"Centre Vauban Lille","article_modified_time":"2024-07-02T14:41:11+00:00","twitter_card":"summary_large_image","twitter_misc":{"Dur\u00e9e de lecture estim\u00e9e":"2 minutes"},"schema":{"@context":"https:\/\/schema.org","@graph":[{"@type":"Organization","@id":"https:\/\/lille-podologue.com\/#organization","name":"Podologue Posturologue Lille","url":"https:\/\/lille-podologue.com\/","sameAs":[],"logo":{"@type":"ImageObject","@id":"https:\/\/lille-podologue.com\/#logo","inLanguage":"fr-FR","url":"https:\/\/lille-podologue.com\/wp-content\/uploads\/2022\/01\/24ba589c-60ad-4845-815f-65d5518b2a55.jpg","contentUrl":"https:\/\/lille-podologue.com\/wp-content\/uploads\/2022\/01\/24ba589c-60ad-4845-815f-65d5518b2a55.jpg","width":1024,"height":716,"caption":"Podologue Posturologue Lille"},"image":{"@id":"https:\/\/lille-podologue.com\/#logo"}},{"@type":"WebSite","@id":"https:\/\/lille-podologue.com\/#website","url":"https:\/\/lille-podologue.com\/","name":"Centre Vauban Lille","description":"201 Rue Colbert Lille","publisher":{"@id":"https:\/\/lille-podologue.com\/#organization"},"potentialAction":[{"@type":"SearchAction","target":{"@type":"EntryPoint","urlTemplate":"https:\/\/lille-podologue.com\/?s={search_term_string}"},"query-input":"required name=search_term_string"}],"inLanguage":"fr-FR"},{"@type":"WebPage","@id":"https:\/\/lille-podologue.com\/index.php\/semelles-orthopediques\/#webpage","url":"https:\/\/lille-podologue.com\/index.php\/semelles-orthopediques\/","name":"J'ai r\u00e9cup\u00e9r\u00e9 mes semelles ! - Posturologues et Podologues du sport Lille","isPartOf":{"@id":"https:\/\/lille-podologue.com\/#website"},"datePublished":"2022-01-29T08:33:48+00:00","dateModified":"2024-07-02T14:41:11+00:00","description":"Votre podologue (Lille) vous a remis vos semelles, d\u00e9couvrez les prochaines \u00e9tapes. N'h\u00e9sitez pas \u00e0 nous laisser un avis.","breadcrumb":{"@id":"https:\/\/lille-podologue.com\/index.php\/semelles-orthopediques\/#breadcrumb"},"inLanguage":"fr-FR","potentialAction":[{"@type":"ReadAction","target":["https:\/\/lille-podologue.com\/index.php\/semelles-orthopediques\/"]}]},{"@type":"BreadcrumbList","@id":"https:\/\/lille-podologue.com\/index.php\/semelles-orthopediques\/#breadcrumb","itemListElement":[{"@type":"ListItem","position":1,"name":"Accueil","item":"https:\/\/lille-podologue.com\/"},{"@type":"ListItem","position":2,"name":"J&rsquo;ai r\u00e9cup\u00e9r\u00e9 mes semelles !"}]}]}},"_links":{"self":[{"href":"https:\/\/lille-podologue.com\/index.php\/wp-json\/wp\/v2\/pages\/110"}],"collection":[{"href":"https:\/\/lille-podologue.com\/index.php\/wp-json\/wp\/v2\/pages"}],"about":[{"href":"https:\/\/lille-podologue.com\/index.php\/wp-json\/wp\/v2\/types\/page"}],"author":[{"embeddable":true,"href":"https:\/\/lille-podologue.com\/index.php\/wp-json\/wp\/v2\/users\/1"}],"replies":[{"embeddable":true,"href":"https:\/\/lille-podologue.com\/index.php\/wp-json\/wp\/v2\/comments?post=110"}],"version-history":[{"count":62,"href":"https:\/\/lille-podologue.com\/index.php\/wp-json\/wp\/v2\/pages\/110\/revisions"}],"predecessor-version":[{"id":762,"href":"https:\/\/lille-podologue.com\/index.php\/wp-json\/wp\/v2\/pages\/110\/revisions\/762"}],"wp:attachment":[{"href":"https:\/\/lille-podologue.com\/index.php\/wp-json\/wp\/v2\/media?parent=110"}],"curies":[{"name":"wp","href":"https:\/\/api.w.org\/{rel}","templated":true}]}}